{"id":10,"date":"2019-08-10T07:02:20","date_gmt":"2019-08-10T07:02:20","guid":{"rendered":"http:\/\/sborpalecek.cz\/?page_id=10"},"modified":"2024-11-04T09:51:56","modified_gmt":"2024-11-04T09:51:56","slug":"o-nas","status":"publish","type":"page","link":"https:\/\/sborpalecek.cz\/es\/o-nas\/","title":{"rendered":"O n\u00e1s"},"content":{"rendered":"<p><\/p>\n\n\n<p><\/p>\n\n\n<p><\/p>\n\n\n<\/p>\r\n<p>P\u011bveck\u00fd sbor Pale\u010dek p\u016fsob\u00ed v ZU\u0160 Ratibo\u0159ick\u00e1 Praha 20. Jm\u00e9no dostal podle ji\u017e zanikl\u00e9ho rybn\u00ed\u010dku, kter\u00fd se v Horn\u00edch Po\u010dernic\u00edch nach\u00e1zel. Sbor m\u00e1 kolem 35 \u010dlen\u016f, zp\u00edvaj\u00ed zde d\u011bti ve v\u011bku 10-18 let. Do Pale\u010dku d\u011bti postupuj\u00ed z p\u0159\u00edpravn\u00e9ho sboru Mal\u00ed\u010dek. Ka\u017ed\u00fd rok absolvuj\u00ed \u0159adu ve\u0159ejn\u00fdch koncert\u016f a vystoupen\u00ed k nejr\u016fzn\u011bj\u0161\u00edm p\u0159\u00edle\u017eitostem. V l\u00e9t\u011b spole\u010dn\u011b jezd\u00edme na t\u00fddenn\u00ed soust\u0159ed\u011bn\u00ed. Na zkou\u0161k\u00e1ch i na soust\u0159ed\u011bn\u00edch se intenzivn\u011b v\u011bnujeme zvl\u00e1dnut\u00ed spr\u00e1vn\u00e9 p\u011bveck\u00e9 techniky, proto\u017ee ve sboru z\u00e1le\u017e\u00ed na ka\u017ed\u00e9m jednotliv\u00e9m zp\u011bv\u00e1kovi.<\/p>\r\n<p>Z\u00fa\u010dast\u0148ujeme se sborov\u00fdch festival\u016f a sout\u011b\u017e\u00ed, nap\u0159. Zahrada p\u00edsn\u00ed.<\/p>\r\n<p>Zp\u00edvali jsme v Milovic\u00edch na akci D\u011bti d\u011btem, na podporu d\u011btsk\u00fdch domov\u016f.\u00a0 Na festivalu Nymbursk\u00e9 dny B. M. \u010cernohorsk\u00e9ho. V roce 2017 jsme m\u011bli mo\u017enost nat\u00e1\u010det dv\u011b p\u00edsn\u011b na CD jazzov\u00e9 klav\u00edristky Kristiny B\u00e1rta s n\u00e1zvem Emma 22 a \u00fa\u010dinkovat ve videoklipu p\u00edsn\u011b \u201cBr\u00e1n\u00edm se dojet\u00ed\u201c s Janem Cinou. Nahr\u00e1vali jsme p\u00edse\u0148 &#8211; Te\u010de vod\u011bnka, z nov\u00e9ho zp\u011bvn\u00edku s kapelou \u010cechomor.<\/p>\r\n<p>\u00a0St\u00e1lou korepetitorkou je Martina Hud\u00e1\u010dekov\u00e1.<\/p>\r\n<hr \/>\r\n<p>\n\n\n<p><\/p>\n\n\n\n<p><\/p>\n\n\n<\/p>\r\n<p><strong><u>Mgr. \u0160\u00e1rka Mistrov\u00e1<\/u><\/strong><\/p>\r\n<p>\u0160\u00e1rka Mistrov\u00e1 je zp\u011bva\u010dka, sbormistryn\u011b, klav\u00edristka a u\u010ditelka s\u00f3lov\u00e9ho zp\u011bvu.<\/p>\r\n<p>Po maturit\u011b na gymn\u00e1ziu, absolvovala obor S\u00f3lov\u00fd zp\u011bv na Konzervato\u0159i v\u00a0Pardubic\u00edch ve t\u0159\u00edd\u011b prof. Jany Hamplov\u00e9 a obor Sbormistrovstv\u00ed \u2013 hudebn\u00ed v\u00fdchova na Pedagogick\u00e9 fakult\u011b UK v\u00a0Praze ve t\u0159\u00edd\u011b prof. Ji\u0159\u00edho Kol\u00e1\u0159e a Ivany \u0160t\u00edbrov\u00e9.<\/p>\r\n<p>P\u016fsobila jako extern\u00ed \u010dlenka sboru St\u00e1tn\u00ed opery Praha a Pra\u017esk\u00e9ho filharmonick\u00e9ho sboru. Jako s\u00f3listka \u00fa\u010dinkovala nap\u0159. v\u00a0t\u011bchto \u00a0d\u00edlech: A. Dvo\u0159\u00e1k \u2013 Stabat Mater, G. Rossini: Mal\u00e1 slavnostn\u00ed m\u0161e, W.A. Mozart: Requiem, Korunova\u010dn\u00ed m\u0161e, G. F. Handel: Mesi\u00e1\u0161 a dal\u0161\u00edch.<\/p>\r\n<p>10 let byla klav\u00edristkou v\u00a0D\u011btsk\u00e9m p\u011bveck\u00e9m sboru Sv\u00edt\u00e1n\u00ed Praha, kter\u00fd v\u00a0roce 2003\/2004 vedla i jako sbormistryn\u011b.<\/p>\r\n<p>V sou\u010dasn\u00e9 dob\u011b p\u016fsob\u00ed v ZU\u0160 Horn\u00ed Po\u010dernice, kde vede p\u0159\u00edpravn\u00e9 sbory Mal\u00ed\u010dek I a II, koncertn\u00ed sbor Pale\u010dek a intenzivn\u011b se v\u011bnuje jako pedagog sv\u00fdm \u017e\u00e1k\u016fm s\u00f3lov\u00e9ho zp\u011bvu.<\/p>\r\n<p><a href=\"http:\/\/sborpalecek.cz\/wp-content\/uploads\/2023\/03\/pm3.jpg\"><img loading=\"lazy\" decoding=\"async\" class=\"alignnone wp-image-267 size-medium\" src=\"http:\/\/sborpalecek.cz\/wp-content\/uploads\/2023\/03\/pm3-300x225.jpg\" alt=\"\" width=\"300\" height=\"225\" srcset=\"https:\/\/sborpalecek.cz\/wp-content\/uploads\/2023\/03\/pm3-300x225.jpg 300w, https:\/\/sborpalecek.cz\/wp-content\/uploads\/2023\/03\/pm3-700x525.jpg 700w, https:\/\/sborpalecek.cz\/wp-content\/uploads\/2023\/03\/pm3-768x576.jpg 768w, https:\/\/sborpalecek.cz\/wp-content\/uploads\/2023\/03\/pm3-150x113.jpg 150w, https:\/\/sborpalecek.cz\/wp-content\/uploads\/2023\/03\/pm3-200x150.jpg 200w, https:\/\/sborpalecek.cz\/wp-content\/uploads\/2023\/03\/pm3.jpg 960w\" sizes=\"auto, (max-width: 300px) 100vw, 300px\" \/><\/a><a href=\"http:\/\/sborpalecek.cz\/wp-content\/uploads\/2019\/08\/2018-porta-Pale\u010dek-diplom-IV.jpg\"><img loading=\"lazy\" decoding=\"async\" class=\"wp-image-18 size-medium alignleft\" src=\"http:\/\/sborpalecek.cz\/wp-content\/uploads\/2019\/08\/2018-porta-Pale\u010dek-diplom-IV-300x200.jpg\" alt=\"\" width=\"300\" height=\"200\" srcset=\"https:\/\/sborpalecek.cz\/wp-content\/uploads\/2019\/08\/2018-porta-Pale\u010dek-diplom-IV-300x200.jpg 300w, https:\/\/sborpalecek.cz\/wp-content\/uploads\/2019\/08\/2018-porta-Pale\u010dek-diplom-IV-768x512.jpg 768w, https:\/\/sborpalecek.cz\/wp-content\/uploads\/2019\/08\/2018-porta-Pale\u010dek-diplom-IV.jpg 800w\" sizes=\"auto, (max-width: 300px) 100vw, 300px\" \/><\/a><\/p>\r\n<p>\n\n\n\n<\/p>\r\n<p>&nbsp;<\/p>\r\n<p>\n\n\n<p><\/p>\n\n\n<\/p>\r\n<p>&nbsp;<\/p>\r\n<p>\n\n\n<p><\/p>\n\n\n<\/p>\r\n<p>&nbsp;<\/p>\r\n<p>\n\n\n\n<h2 class=\"wp-block-heading\">Aktu\u00e1ln\u00ed reperto\u00e1r sboru: <\/h2>\n\n\n\n<p><strong>Renesan\u010dn\u00ed<\/strong><\/p>\n\n\n\n<ul class=\"wp-block-list\">\n<li>Pierre Passereau: Il est bel et bon<\/li>\n\n\n\n<li>Claudio Monteverdi: Cantate Domino<\/li>\n<\/ul>\n\n\n\n<p><strong>Barokn\u00ed<\/strong><\/p>\n\n\n\n<ul class=\"wp-block-list\">\n<li>H. Purcell: Sound The Trumpet<\/li>\n\n\n\n<li>H. Purcell: Come, Ye Sons of Art<\/li>\n<\/ul>\n\n\n\n<p><strong>Romantick\u00e9<\/strong><\/p>\n\n\n\n<ul class=\"wp-block-list\">\n<li>C. Franc: Panis Angelicus<\/li>\n<\/ul>\n\n\n\n<p>Anton\u00edn Dvo\u0159\u00e1k<\/p>\n\n\n\n<ul class=\"wp-block-list\">\n<li>Moravsk\u00e9 dvojzp\u011bvy \n<ul class=\"wp-block-list\">\n<li>Prsten<\/li>\n\n\n\n<li>Mo\u017enost<\/li>\n\n\n\n<li>\u017divot vojensk\u00fd<\/li>\n\n\n\n<li>Voda a pl\u00e1\u010d<\/li>\n\n\n\n<li>Dyby byla kosa nabr\u00f3\u0161en\u00e1<\/li>\n\n\n\n<li>Zajat\u00e1<\/li>\n\n\n\n<li>Slav\u00edkovsk\u00fd pole\u010dko<\/li>\n<\/ul>\n<\/li>\n<\/ul>\n\n\n\n<p>Bed\u0159ich Smetana<\/p>\n\n\n\n<ul class=\"wp-block-list\">\n<li>B. Smetana: T\u0159i \u017densk\u00e9 sbory<\/li>\n\n\n\n<li>B. Smetana: \u010cesk\u00e1 p\u00edse\u0148<\/li>\n<\/ul>\n\n\n\n<p><strong>Klasicistn\u00ed<\/strong><\/p>\n\n\n\n<ul class=\"wp-block-list\">\n<li>W.A.Mozart: Ave verum corpus<\/li>\n<\/ul>\n\n\n\n<p><strong>Hudba 20. stolet\u00ed<\/strong><\/p>\n\n\n\n<ul class=\"wp-block-list\">\n<li>Jan Nov\u00e1k: Gloria<\/li>\n\n\n\n<li>Xabier Sarasola: Pater noster<\/li>\n\n\n\n<li>Zden\u011bk Luk\u00e1\u0161: Zp\u00edvala bych zp\u00edvala<\/li>\n\n\n\n<li>\u00c1stor Piazzolla: Libertango<\/li>\n\n\n\n<li>Eugen Sucho\u0148: Bodaj by v\u00e1s vy ml\u00e1denci \u010derti vzali<\/li>\n<\/ul>\n\n\n\n<p>Bohuslav Martin\u016f<\/p>\n\n\n\n<ul class=\"wp-block-list\">\n<li>Zav\u00edr\u00e1n\u00ed lesa<\/li>\n\n\n\n<li>Otv\u00edr\u00e1n\u00ed stud\u00e1nek<\/li>\n<\/ul>\n\n\n\n<p><strong>Skladby sou\u010dasn\u00fdch autor\u016f<\/strong><\/p>\n\n\n\n<ul class=\"wp-block-list\">\n<li>Morten Lauridsen: Dirait-on<\/li>\n\n\n\n<li>Milan Iglo: Labut\u00ed pe\u0159\u00ed\u010dko<\/li>\n\n\n\n<li>Ji\u0159\u00ed Teml: Povode\u0148<\/li>\n\n\n\n<li>Tobin Stokes: Koosen<\/li>\n\n\n\n<li>Jim Papoulis: Gnothi Safton<\/li>\n\n\n\n<li>Jim Papoulis: Yo Puedo<\/li>\n\n\n\n<li>Lubo\u0161 Fi\u0161er: Fa\u0161ank <\/li>\n\n\n\n<li>V\u00e1clav Pt\u00e1\u010dek: Ave Maria<\/li>\n\n\n\n<li>V\u00e1clav Pt\u00e1\u010dek: Sk\u0159\u00edtek<\/li>\n\n\n\n<li>Victor C. Johnson: Pie Jesu<\/li>\n\n\n\n<li>Mary Lynn Lightfoot: A Joyful Song<\/li>\n\n\n\n<li>Viay Singh: Johny said &#8220;No!&#8221;<\/li>\n\n\n\n<li>Emil Hradeck\u00fd: P\u00edsn\u011b kosmick\u00e9 (Ml\u00e9\u010dn\u00e1 dr\u00e1ha, Jit\u0159enka, Velk\u00fd v\u016fz), Den naruby, \u010cty\u0159i milostn\u00e9 p\u00edsn\u011b (Jan\u00ed\u010dku, Jan\u00ed\u010dku, Hlav\u011bnka m\u011b bol\u00ed, Jetelinka drobn\u00e1)<\/li>\n\n\n\n<li>Miroslav Raichl: Vesel\u00e9 minizoo (Pelik\u00e1n, \u017dirafa a korouhvi\u010dka) <\/li>\n\n\n\n<li>Olav Ehala: Valulaul<\/li>\n\n\n\n<li>Uno Naissoo: Metsa Telegramm <\/li>\n\n\n\n<li>Jacob Narverud: Ad Astra<\/li>\n\n\n\n<li>Miroslav Raichl: Ty bystersk\u00fd zvony<\/li>\n\n\n\n<li>Eugene Butler: Music is my life<\/li>\n<\/ul>\n\n\n\n<p>Petr Eben<\/p>\n\n\n\n<ul class=\"wp-block-list\">\n<li>Jarn\u00ed<\/li>\n\n\n\n<li>Na na\u0161em s\u00e1dku<\/li>\n\n\n\n<li>Ryb\u00e1\u0159<\/li>\n\n\n\n<li>B\u00edl\u00e9 a r\u016f\u017eov\u00e9 pe\u0159iny<\/li>\n\n\n\n<li>Truv\u00e9rsk\u00e1 m\u0161e<\/li>\n\n\n\n<li>Ten suchdolsk\u00fd rybn\u00edk<\/li>\n\n\n\n<li>Kdyby tu nic nebylo<\/li>\n<\/ul>\n\n\n\n<p>Ivo Bl\u00e1ha<\/p>\n\n\n\n<ul class=\"wp-block-list\">\n<li>N\u011bco pro u\u0161i (Melou tety, Kolovr\u00e1tek, Rodi\u010dov\u00e9 velect\u011bn\u00ed)<\/li>\n\n\n\n<li>T\u0159i lidov\u00e9 p\u00edsn\u011b (Kdy\u017e jsem \u0161el cesti\u010dkou, Pri Prespurku, pri Dunaji, M\u00e1m j\u00e1 pole)<\/li>\n<\/ul>\n\n\n\n<p><strong>Popov\u00e9<\/strong><\/p>\n\n\n\n<ul class=\"wp-block-list\">\n<li>John Williams: Double Trouble (Harry Potter)<\/li>\n\n\n\n<li>Vladim\u00edr Kosma: David\u00b4s song<\/li>\n\n\n\n<li>Vok\u00e1ly\n<ul class=\"wp-block-list\">\n<li>Karel Gott (Karel Svoboda): Lady Carneval, (Marian Gold): B\u00fdt st\u00e1le ml\u00e1d<\/li>\n\n\n\n<li>Traditional: Amazing Grace<\/li>\n<\/ul>\n<\/li>\n\n\n\n<li>Abba: Dancing Queen<\/li>\n\n\n\n<li>Queen: Bohemian Rapshody<\/li>\n\n\n\n<li>Jaroslav Celba: Cestu zn\u00e1m jen j\u00e1 (K\u0159em\u00edlek a Vochom\u016frka)<\/li>\n\n\n\n<li>Carl Jenkins: Adiemus<\/li>\n\n\n\n<li>Chordettes (Baverly Ross): Lollipop <\/li>\n\n\n\n<li>V\u00e1clav Neck\u00e1\u0159: P\u016flno\u010dn\u00ed<\/li>\n\n\n\n<li>V\u00e1clav Neck\u00e1\u0159: Br\u00e1n\u00edm se dojet\u00ed<\/li>\n\n\n\n<li>Josh Groban (v \u00faprav\u011b pro \u017eensk\u00fd sbor): You Raise Me Up<\/li>\n<\/ul>\n\n\n\n<p>Jaroslav Je\u017eek<\/p>\n\n\n\n<ul class=\"wp-block-list\">\n<li>Sv\u00edt\u00e1<\/li>\n\n\n\n<li>Nikdy nic nikdo nem\u00e1<\/li>\n\n\n\n<li>V dom\u011b stra\u0161\u00ed duch<\/li>\n<\/ul>\n\n\n\n<p><strong>Lidov\u00e9<\/strong><\/p>\n\n\n\n<ul class=\"wp-block-list\">\n<li>V \u00faprav\u011b J. Dostal\u00edka: Jen\u00ed\u010dku Bloud\u00ed\u0161<\/li>\n\n\n\n<li>Dy\u017e sem j\u00e1 chod\u00edval do B\u011b\u0161in<\/li>\n\n\n\n<li>Co to m\u00e1\u0161 Jan\u00ed\u010dku<\/li>\n\n\n\n<li>\u010cern\u00e9 o\u010di jd\u011bte sp\u00e1t<\/li>\n\n\n\n<li>Plze\u0148sk\u00e1 v\u011b\u017e<\/li>\n\n\n\n<li>T\u00fdnom t\u00e1nom (v \u00faprav\u011b Jana Bern\u00e1tka)<\/li>\n\n\n\n<li>Dobr\u016f noc m\u00e1 mil\u00e1 (v \u00faprav\u011b Jaroslava Dostal\u00edka)<\/li>\n<\/ul>\n\n\n\n<p>Spiritu\u00e1ly<\/p>\n\n\n\n<ul class=\"wp-block-list\">\n<li>Spiritu\u00e1l v \u00faprav\u011b Bernarda Kr\u00fcgera: Morokeni<\/li>\n\n\n\n<li>Spiritu\u00e1l v \u00faprav\u011b Audrey Snydera: Down to the river to pray<\/li>\n\n\n\n<li>Africk\u00fd spiritu\u00e1l: Siyahamba<\/li>\n\n\n\n<li>Spiritu\u00e1l v \u00faprav\u011b Mosese Hogana: Music down in my soul<\/li>\n<\/ul>\n\n\n\n<p><strong>V\u00e1no\u010dn\u00ed<\/strong><\/p>\n\n\n\n<ul class=\"wp-block-list\">\n<li>J. Williams: Somewhere in my memory<\/li>\n\n\n\n<li>M. Duch\u00e1\u010d: \u0160\u0165astn\u00e9 V\u00e1noce<\/li>\n\n\n\n<li>J. Williams: Merry Christmas<\/li>\n\n\n\n<li>Irvin Berlin: B\u00edl\u00e9 V\u00e1noce<\/li>\n\n\n\n<li>Ukrajinsk\u00e1 v\u00e1no\u010dn\u00ed p\u00edse\u0148: Carol of the Bells <\/li>\n\n\n\n<li>J. Lennon: To k V\u00e1noc\u016fm pat\u0159\u00ed<\/li>\n\n\n\n<li>\u010cty\u0159i barokn\u00ed koledy: Z archy vypu\u0161t\u011bn\u00fd holoubku<\/li>\n\n\n\n<li>Petr Eben: Truv\u00e9rsk\u00e1 m\u0161e<\/li>\n\n\n\n<li>Otmar M\u00e1cha: P\u00e1smo koled<\/li>\n\n\n\n<li>V\u00e1clav Neck\u00e1\u0159: P\u016flno\u010dn\u00ed<\/li>\n<\/ul>\n\n\n\n<p class=\"has-medium-font-size\"><strong>Velk\u00e9 formy s orchestrem<\/strong><\/p>\n\n\n\n<ul class=\"wp-block-list\">\n<li>Carl Orff: Carmina Burana<\/li>\n\n\n\n<li>Arthur Honegger: V\u00e1no\u010dn\u00ed kant\u00e1ta<\/li>\n<\/ul>\n\n\n\n<p><\/p>\n\n\n\n<p class=\"has-large-font-size\"><strong>Komorn\u00ed sbor MOZAIKA:<\/strong><\/p>\n\n\n\n<ul class=\"wp-block-list\">\n<li>Je\u017eek, Voskovec a Werich: David a Goli\u00e1\u0161<\/li>\n\n\n\n<li>Miroslav Raichl: A kdy\u017e vy m\u011b m\u00e1 panenko nechcete<\/li>\n\n\n\n<li>Dy\u017e sem j\u00e1 chod\u00edval do B\u011b\u0161in<\/li>\n\n\n\n<li>P\u0159e\u0161tick\u00fd panenky<\/li>\n\n\n\n<li>\u010cern\u00e9 o\u010di jd\u011bte sp\u00e1t<\/li>\n\n\n\n<li>Tancuj tancuj vykr\u016fcaj<\/li>\n<\/ul>\n\n\n\n<p>A v\u00edce&#8230; (v \u00faprav\u011b)<\/p>\n","protected":false},"excerpt":{"rendered":"<p>P\u011bveck\u00fd sbor Pale\u010dek p\u016fsob\u00ed v ZU\u0160 Ratibo\u0159ick\u00e1 Praha 20. Jm\u00e9no dostal podle ji\u017e zanikl\u00e9ho rybn\u00ed\u010dku, kter\u00fd se v Horn\u00edch Po\u010dernic\u00edch nach\u00e1zel. Sbor m\u00e1 kolem 35 \u010dlen\u016f, zp\u00edvaj\u00ed zde d\u011bti ve v\u011bku 10-18 let. Do Pale\u010dku d\u011bti postupuj\u00ed z p\u0159\u00edpravn\u00e9ho sboru Mal\u00ed\u010dek. Ka\u017ed\u00fd rok absolvuj\u00ed \u0159adu ve\u0159ejn\u00fdch koncert\u016f a vystoupen\u00ed k&#8230; <a class=\"continue-reading-link\" href=\"https:\/\/sborpalecek.cz\/es\/o-nas\/\"> Continue reading <span class=\"meta-nav\">&rarr; <\/span><\/a><\/p>\n","protected":false},"author":2,"featured_media":0,"parent":0,"menu_order":0,"comment_status":"closed","ping_status":"closed","template":"","meta":{"ngg_post_thumbnail":0,"footnotes":""},"class_list":["post-10","page","type-page","status-publish","hentry"],"translation":{"provider":"WPGlobus","version":"2.10.10","language":"es","enabled_languages":["en","es","de","fr","ru"],"languages":{"en":{"title":true,"content":true,"excerpt":false},"es":{"title":false,"content":false,"excerpt":false},"de":{"title":false,"content":false,"excerpt":false},"fr":{"title":false,"content":false,"excerpt":false},"ru":{"title":false,"content":false,"excerpt":false}}},"_links":{"self":[{"href":"https:\/\/sborpalecek.cz\/es\/wp-json\/wp\/v2\/pages\/10","targetHints":{"allow":["GET"]}}],"collection":[{"href":"https:\/\/sborpalecek.cz\/es\/wp-json\/wp\/v2\/pages"}],"about":[{"href":"https:\/\/sborpalecek.cz\/es\/wp-json\/wp\/v2\/types\/page"}],"author":[{"embeddable":true,"href":"https:\/\/sborpalecek.cz\/es\/wp-json\/wp\/v2\/users\/2"}],"replies":[{"embeddable":true,"href":"https:\/\/sborpalecek.cz\/es\/wp-json\/wp\/v2\/comments?post=10"}],"version-history":[{"count":36,"href":"https:\/\/sborpalecek.cz\/es\/wp-json\/wp\/v2\/pages\/10\/revisions"}],"predecessor-version":[{"id":848,"href":"https:\/\/sborpalecek.cz\/es\/wp-json\/wp\/v2\/pages\/10\/revisions\/848"}],"wp:attachment":[{"href":"https:\/\/sborpalecek.cz\/es\/wp-json\/wp\/v2\/media?parent=10"}],"curies":[{"name":"wp","href":"https:\/\/api.w.org\/{rel}","templated":true}]}}