{"id":118,"date":"2019-08-10T07:02:09","date_gmt":"2019-08-10T07:02:09","guid":{"rendered":"http:\/\/sborpalecek.cz\/?page_id=118"},"modified":"2025-10-08T20:04:11","modified_gmt":"2025-10-08T20:04:11","slug":"pro-nove-zajemce","status":"publish","type":"page","link":"https:\/\/sborpalecek.cz\/fr\/","title":{"rendered":"V\u00edtejte u n\u00e1s"},"content":{"rendered":"\n<h1 class=\"wp-block-heading has-text-align-center has-text-color\" style=\"color:#17003e;font-style:italic;font-weight:700\">D\u011btsk\u00fd p\u011bveck\u00fd sbor Pale\u010dek<\/h1>\n\n\n\n<p><\/p>\n\n\n<div class=\"wp-block-image is-style-rounded\">\n<figure class=\"aligncenter size-large\"><img loading=\"lazy\" decoding=\"async\" width=\"700\" height=\"525\" src=\"https:\/\/sborpalecek.cz\/wp-content\/uploads\/2023\/12\/uprehrady-700x525.jpg\" alt=\"\" class=\"wp-image-321\" srcset=\"https:\/\/sborpalecek.cz\/wp-content\/uploads\/2023\/12\/uprehrady-700x525.jpg 700w, https:\/\/sborpalecek.cz\/wp-content\/uploads\/2023\/12\/uprehrady-300x225.jpg 300w, https:\/\/sborpalecek.cz\/wp-content\/uploads\/2023\/12\/uprehrady-768x576.jpg 768w, https:\/\/sborpalecek.cz\/wp-content\/uploads\/2023\/12\/uprehrady-150x113.jpg 150w, https:\/\/sborpalecek.cz\/wp-content\/uploads\/2023\/12\/uprehrady-200x150.jpg 200w, https:\/\/sborpalecek.cz\/wp-content\/uploads\/2023\/12\/uprehrady.jpg 1024w\" sizes=\"auto, (max-width: 700px) 100vw, 700px\" \/><\/figure><\/div>\n\n\n<pre class=\"wp-block-verse has-text-align-center\">\"Hluboko v Horn\u00edch Po\u010dernic\u00edch se kdysi nach\u00e1zel mal\u00fd rybn\u00ed\u010dek Pale\u010dek.<br>Ale m\u00e1lokdo tu\u0161\u00ed, \u017ee jeho hudba zn\u00ed sv\u011btem st\u00e1le d\u00e1l a d\u00e1l.\"<\/pre>\n\n\n\n<p><\/p>\n\n\n\n<p class=\"has-text-align-center has-text-color has-link-color has-large-font-size wp-elements-26460ea2f7fd571ab36e2dbcfb86f3aa\" style=\"color:#17003e\"><strong>Srde\u010dn\u011b zveme!<\/strong><\/p>\n\n\n<div class=\"wp-block-image\">\n<figure class=\"aligncenter size-large is-resized\"><a href=\"https:\/\/sborpalecek.cz\/wp-content\/uploads\/2025\/10\/IMG_0353-1.jpeg\"><img loading=\"lazy\" decoding=\"async\" width=\"700\" height=\"978\" src=\"https:\/\/sborpalecek.cz\/wp-content\/uploads\/2025\/10\/IMG_0353-1-700x978.jpeg\" alt=\"\" class=\"wp-image-961\" style=\"width:410px;height:auto\" srcset=\"https:\/\/sborpalecek.cz\/wp-content\/uploads\/2025\/10\/IMG_0353-1-700x978.jpeg 700w, https:\/\/sborpalecek.cz\/wp-content\/uploads\/2025\/10\/IMG_0353-1-215x300.jpeg 215w, https:\/\/sborpalecek.cz\/wp-content\/uploads\/2025\/10\/IMG_0353-1-768x1072.jpeg 768w, https:\/\/sborpalecek.cz\/wp-content\/uploads\/2025\/10\/IMG_0353-1-1100x1536.jpeg 1100w, https:\/\/sborpalecek.cz\/wp-content\/uploads\/2025\/10\/IMG_0353-1-107x150.jpeg 107w, https:\/\/sborpalecek.cz\/wp-content\/uploads\/2025\/10\/IMG_0353-1.jpeg 1188w\" sizes=\"auto, (max-width: 700px) 100vw, 700px\" \/><\/a><\/figure><\/div>\n\n\n<p><\/p>\n\n\n\n<p class=\"has-text-align-right has-text-color has-link-color has-large-font-size wp-elements-ef575b29d6f54894008f97839c2786da\" style=\"color:#17003e\"><strong>Dal\u0161\u00ed vystoupen\u00ed:<\/strong><\/p>\n\n\n\n<p class=\"has-text-align-right\"><strong>22.11.<\/strong> &#8211; Jubilantsk\u00e1 kyti\u010dka s Muzikou Vycp\u00e1lkovci | Terezi\u00e1nsk\u00fd s\u00e1l (18:00) | lidov\u00e1 hudba<\/p>\n\n\n\n<p class=\"has-text-align-right\"><strong>23.11.<\/strong> &#8211; P\u0159\u00edpravn\u00e9 odd\u011blen\u00ed Mal\u00ed\u010dek: Koncert &#8220;D\u011bti d\u011btem&#8221; | S\u00e1l Martin\u016f (15:00) | skladby Jana Bern\u00e1tka<\/p>\n\n\n\n<p class=\"has-text-align-right\"><strong>30.11.<\/strong> &#8211; Rozsv\u00edcen\u00ed v\u00e1no\u010dn\u00edho strome\u010dku | are\u00e1l Chvalsk\u00e9ho z\u00e1mku, Horn\u00ed Po\u010dernice<\/p>\n\n\n\n<p class=\"has-text-align-right\"><strong>8.12.<\/strong> &#8211; Koncert pro Svaz skladatel\u016f | skladby J. Vejvody a M. Ka\u0148\u00e1ka<\/p>\n\n\n\n<p class=\"has-text-align-right\"><strong>13.12.<\/strong> &#8211; zp\u011bv koled v obchodn\u00edm dom\u011b IKEA na \u010cern\u00e9m Most\u011b &#8220;Svat\u00e1 Lucie noci upije&#8221; (odpoledne)<\/p>\n\n\n\n<p class=\"has-text-align-right\"><strong>15.1. 2026<\/strong> &#8211; Slavnostn\u00ed koncert p\u011bveck\u00fdch sbor\u016f | koncertn\u00ed s\u00e1l Pra\u017esk\u00e9 konzervato\u0159e (18:00)<\/p>\n\n\n\n<p class=\"has-text-align-right\"><strong>4.6. 2026<\/strong> &#8211; Slavnostn\u00ed z\u00e1v\u011bre\u010dn\u00fd koncert p\u011bveck\u00fdch sbor\u016f | koncertn\u00ed s\u00e1l Pra\u017esk\u00e9 konzervato\u0159e (18:00)<\/p>\n\n\n\n<p class=\"has-text-align-right has-text-color has-link-color has-small-font-size wp-elements-44c9f52e8a39cb7c1cd7c50560400019\" style=\"color:#555555\">(Pr\u016fb\u011b\u017en\u011b aktualizov\u00e1no)<\/p>\n\n\n\n<p><\/p>\n\n\n\n<p class=\"has-text-color has-link-color has-large-font-size wp-elements-5ef6992b11e6f8b963877f6531d87a09\" style=\"color:#17003e\"><strong>Pro nov\u00e9 z\u00e1jemce<\/strong><\/p>\n\n\n\n<p>Zp\u00edvejte s n\u00e1mi!<\/p>\n\n\n\n<p>M\u00e1te doma d\u00edt\u011b, kter\u00e9 si doma prozp\u011bvuje a cht\u011blo by se nau\u010dit v\u00edc? V na\u0161em sborov\u00e9m kolektivu si nejen zazp\u00edv\u00e1, ale z\u00edsk\u00e1 i hodn\u011b z\u00e1\u017eitk\u016f z r\u016fzn\u00fdch akc\u00ed a koncert\u016f, kter\u00e9 n\u00e1\u0161 sbor po\u0159\u00e1d\u00e1.<\/p>\n\n\n\n<p><strong>UK\u00c1ZKOV\u00c9 HODINY:<\/strong> V pr\u016fb\u011bhu z\u00e1\u0159\u00ed je mo\u017en\u00e9 nav\u0161t\u00edvit uk\u00e1zkov\u00e9 hodiny. V\u0161e prob\u00edh\u00e1 po individu\u00e1ln\u00ed domluv\u011b. V p\u0159\u00edpad\u011b z\u00e1jmu kontaktujte pros\u00edm p\u0159\u00edmo na\u0161i sbormistryni <strong>\u0160\u00e1rku Mistrovou<\/strong> na e-mail: <strong>sarka.mistrova@zus-hp.cz<\/strong><\/p>\n\n\n<div class=\"wp-block-image\">\n<figure class=\"aligncenter size-large is-resized\"><a href=\"https:\/\/sborpalecek.cz\/wp-content\/uploads\/2025\/09\/IMG_0332.png\"><img loading=\"lazy\" decoding=\"async\" width=\"700\" height=\"990\" src=\"https:\/\/sborpalecek.cz\/wp-content\/uploads\/2025\/09\/IMG_0332-700x990.png\" alt=\"\" class=\"wp-image-943\" style=\"width:535px;height:auto\" srcset=\"https:\/\/sborpalecek.cz\/wp-content\/uploads\/2025\/09\/IMG_0332-700x990.png 700w, https:\/\/sborpalecek.cz\/wp-content\/uploads\/2025\/09\/IMG_0332-212x300.png 212w, https:\/\/sborpalecek.cz\/wp-content\/uploads\/2025\/09\/IMG_0332-768x1086.png 768w, https:\/\/sborpalecek.cz\/wp-content\/uploads\/2025\/09\/IMG_0332-1086x1536.png 1086w, https:\/\/sborpalecek.cz\/wp-content\/uploads\/2025\/09\/IMG_0332-106x150.png 106w, https:\/\/sborpalecek.cz\/wp-content\/uploads\/2025\/09\/IMG_0332.png 1414w\" sizes=\"auto, (max-width: 700px) 100vw, 700px\" \/><\/a><\/figure><\/div>\n\n\n<p><\/p>\n\n\n\n<ul class=\"wp-block-list\">\n<li>MiniMal\u00ed\u010dek zkou\u0161\u00ed <strong>jednu hodinu<\/strong> ka\u017ed\u00e9 pond\u011bl\u00ed NEBO \u010dtvrtek<\/li>\n\n\n\n<li>Mal\u00ed\u010dek <strong>jednu hodinu<\/strong> v pond\u011bl\u00ed<\/li>\n\n\n\n<li>Pale\u010dek m\u00e1 <strong>dv\u011b hodiny <\/strong>ka\u017ed\u00e9 pond\u011bl\u00ed a <strong>jednu hodinu <\/strong>ve \u010dtvrtek<\/li>\n\n\n\n<li>Komorn\u00ed sbor Mozaika se sch\u00e1z\u00ed projektov\u011b<\/li>\n<\/ul>\n\n\n<p>&nbsp;<\/p>\n<p>Chce\u0161 se p\u0159ihl\u00e1sit? \ud83c\udfb5<br \/><a href=\"http:\/\/sborpalecek.cz\/wp-content\/uploads\/2023\/03\/pm10.jpg\"><img loading=\"lazy\" decoding=\"async\" class=\"wp-image-235 size-medium alignright\" src=\"http:\/\/sborpalecek.cz\/wp-content\/uploads\/2023\/03\/pm10-225x300.jpg\" alt=\"\" width=\"225\" height=\"300\" srcset=\"https:\/\/sborpalecek.cz\/wp-content\/uploads\/2023\/03\/pm10-225x300.jpg 225w, https:\/\/sborpalecek.cz\/wp-content\/uploads\/2023\/03\/pm10-700x933.jpg 700w, https:\/\/sborpalecek.cz\/wp-content\/uploads\/2023\/03\/pm10-113x150.jpg 113w, https:\/\/sborpalecek.cz\/wp-content\/uploads\/2023\/03\/pm10.jpg 720w\" sizes=\"auto, (max-width: 225px) 100vw, 225px\" \/><\/a><\/p>\n<p>P\u0159ij\u00edm\u00e1me zp\u011bv\u00e1\u010dky ka\u017ed\u00e9ho v\u011bku. Ty nejmen\u0161\u00ed do sboru Mal\u00ed\u010dek, kde zp\u00edvaj\u00ed d\u011bti od 5 do 10 let a u\u010d\u00ed se z\u00e1klad\u016fm techniky pr\u00e1ce s hlasem. D\u011bti pak \u00fa\u010dinkuj\u00ed i na koncertech, kde z\u00edsk\u00e1vaj\u00ed zku\u0161enosti, jak\u00e9 to je vystupovat na ve\u0159ejnosti p\u0159ed publikem. Nav\u00edc mezi sv\u00fdmi kamar\u00e1dy, tak\u017ee se v\u0161ichni obvykle skv\u011ble bav\u00ed.&nbsp; \ud83d\ude0a Kdy\u017e jsou d\u011bti velk\u00e9, mohou b\u00fdt vybr\u00e1ny, podle sv\u00e9 hlasov\u00e9 zdatnosti, do star\u0161\u00edho sboru Pale\u010dek. Jeliko\u017e je Mal\u00ed\u010dek jeho p\u0159\u00edpravn\u00fdm sborem, d\u011bti se budou zdokonalovat v tom, co se ji\u017e nau\u010dili, nyn\u00ed v sehran\u00e9 part\u011b vysp\u011blej\u0161\u00edch zp\u011bv\u00e1k\u016f.&nbsp;<\/p>\n<p>V koncertn\u00edm sboru Pale\u010dek zp\u00edvaj\u00ed d\u011bti ve v\u011bku od 10 do 18 let. Chozen\u00ed do Mal\u00ed\u010dku nen\u00ed podm\u00ednkou, ale p\u0159ij\u00edm\u00e1me sem pouze d\u011bti s d\u0159\u00edv\u011bj\u0161\u00ed zku\u0161enost\u00ed se sborov\u00fdm nebo s\u00f3lov\u00fdm zp\u011bvem. Pale\u010dek m\u00e1 pravideln\u00e9 koncerty, z\u00fa\u010dast\u0148uje se r\u016fzn\u00fdch \u010desk\u00fdch i zahrani\u010dn\u00edch sout\u011b\u017e\u00ed a sborov\u00fdch festival\u016f. M\u00e1 ji\u017e na kont\u011b n\u011bkolikero absolutn\u00edch v\u00edt\u011bzstv\u00ed. Dokonce se m\u016f\u017ee chlubit t\u00edm, \u017ee &#8220;prozat\u00edm&#8221; nikdy nebyl druh\u00fd!<\/p>\n<p>V p\u0159\u00edpad\u011b dotaz\u016f o p\u0159ijet\u00ed kontaktujte na\u0161i sbormistryni na e-mail (sarka.mistrova@zus-hp.cz)&nbsp;<\/p>\n<p>&nbsp;<\/p>\n<p><strong>Bli\u017e\u0161\u00ed informace o na\u0161\u00ed ZU\u0160<\/strong> na odkaze &#8211; <a href=\"https:\/\/www.zus-hp.cz\/\">https:\/\/www.zus-hp.cz\/<\/a>.&nbsp;<\/p>\n<p>Pod\u00edvejte se tak\u00e9 na n\u00e1\u0161 <strong>Instagram<\/strong>! &#8211;&nbsp; <a href=\"https:\/\/www.instagram.com\/dps_palecek\/#\">https:\/\/www.instagram.com\/dps_palecek\/#<\/a><\/p>\n<p>Ve\u0159ejn\u00e1 <strong>Facebookov\u00e1 str\u00e1nka<\/strong> &#8211; <a href=\"https:\/\/www.facebook.com\/profile.php?id=100062983672982\">https:\/\/www.facebook.com\/profile.php?id=100062983672982<\/a><\/p>\n<p><strong>Youtube kan\u00e1l<\/strong> &#8211;&nbsp;<a href=\"https:\/\/youtube.com\/@dpspalecek?si=4qUClupw2uiyuHVq\">https:\/\/youtube.com\/@dpspalecek?si=4qUClupw2uiyuHVq<\/a><\/p>\n\n\n<p>Foto na<strong> Zonerama<\/strong> &#8211; <a href=\"https:\/\/eu.zonerama.com\/sborpalecek\/1407104\">https:\/\/eu.zonerama.com\/sborpalecek\/1407104<\/a><\/p>\n","protected":false},"excerpt":{"rendered":"<p>D\u011btsk\u00fd p\u011bveck\u00fd sbor Pale\u010dek &#8220;Hluboko v Horn\u00edch Po\u010dernic\u00edch se kdysi nach\u00e1zel mal\u00fd rybn\u00ed\u010dek Pale\u010dek.Ale m\u00e1lokdo tu\u0161\u00ed, \u017ee jeho hudba zn\u00ed sv\u011btem st\u00e1le d\u00e1l a d\u00e1l.&#8221; Srde\u010dn\u011b zveme! Dal\u0161\u00ed vystoupen\u00ed: 22.11. &#8211; Jubilantsk\u00e1 kyti\u010dka s Muzikou Vycp\u00e1lkovci | Terezi\u00e1nsk\u00fd s\u00e1l (18:00) | lidov\u00e1 hudba 23.11. &#8211; P\u0159\u00edpravn\u00e9 odd\u011blen\u00ed Mal\u00ed\u010dek: Koncert &#8220;D\u011bti&#8230; <a class=\"continue-reading-link\" href=\"https:\/\/sborpalecek.cz\/fr\/\"> Continue reading <span class=\"meta-nav\">&rarr; <\/span><\/a><\/p>\n","protected":false},"author":3,"featured_media":321,"parent":0,"menu_order":0,"comment_status":"closed","ping_status":"closed","template":"","meta":{"ngg_post_thumbnail":0,"footnotes":""},"class_list":["post-118","page","type-page","status-publish","has-post-thumbnail","hentry"],"translation":{"provider":"WPGlobus","version":"2.10.10","language":"fr","enabled_languages":["en","es","de","fr","ru"],"languages":{"en":{"title":true,"content":true,"excerpt":false},"es":{"title":false,"content":false,"excerpt":false},"de":{"title":false,"content":false,"excerpt":false},"fr":{"title":false,"content":false,"excerpt":false},"ru":{"title":false,"content":false,"excerpt":false}}},"_links":{"self":[{"href":"https:\/\/sborpalecek.cz\/fr\/wp-json\/wp\/v2\/pages\/118","targetHints":{"allow":["GET"]}}],"collection":[{"href":"https:\/\/sborpalecek.cz\/fr\/wp-json\/wp\/v2\/pages"}],"about":[{"href":"https:\/\/sborpalecek.cz\/fr\/wp-json\/wp\/v2\/types\/page"}],"author":[{"embeddable":true,"href":"https:\/\/sborpalecek.cz\/fr\/wp-json\/wp\/v2\/users\/3"}],"replies":[{"embeddable":true,"href":"https:\/\/sborpalecek.cz\/fr\/wp-json\/wp\/v2\/comments?post=118"}],"version-history":[{"count":94,"href":"https:\/\/sborpalecek.cz\/fr\/wp-json\/wp\/v2\/pages\/118\/revisions"}],"predecessor-version":[{"id":976,"href":"https:\/\/sborpalecek.cz\/fr\/wp-json\/wp\/v2\/pages\/118\/revisions\/976"}],"wp:featuredmedia":[{"embeddable":true,"href":"https:\/\/sborpalecek.cz\/fr\/wp-json\/wp\/v2\/media\/321"}],"wp:attachment":[{"href":"https:\/\/sborpalecek.cz\/fr\/wp-json\/wp\/v2\/media?parent=118"}],"curies":[{"name":"wp","href":"https:\/\/api.w.org\/{rel}","templated":true}]}}