{"id":56,"date":"2019-08-10T07:02:27","date_gmt":"2019-08-10T07:02:27","guid":{"rendered":"http:\/\/sborpalecek.cz\/?page_id=56"},"modified":"2025-01-17T14:20:22","modified_gmt":"2025-01-17T14:20:22","slug":"nase-uspechy","status":"publish","type":"page","link":"https:\/\/sborpalecek.cz\/fr\/nase-uspechy\/","title":{"rendered":"Na\u0161e \u00fasp\u011bchy"},"content":{"rendered":"<div class=\"wp-block-image\">\n<figure class=\"aligncenter size-large is-resized\"><a href=\"https:\/\/sborpalecek.cz\/wp-content\/uploads\/2023\/12\/DSC_8287.jpg\"><img loading=\"lazy\" decoding=\"async\" src=\"https:\/\/sborpalecek.cz\/wp-content\/uploads\/2023\/12\/DSC_8287-700x467.jpg\" alt=\"\" class=\"wp-image-359\" width=\"879\" height=\"538\"\/><\/a><\/figure><\/div>\n\n\n<p><\/p>\n\n\n\n<p class=\"has-medium-font-size\"><strong>V roce 2024 <\/strong><\/p>\n\n\n\n<p class=\"has-black-color has-text-color\">Sout\u011b\u017e Porta Musicae &#8211; <mark style=\"background-color:rgba(0, 0, 0, 0)\" class=\"has-inline-color has-luminous-vivid-amber-color\">zlat\u00e9 p\u00e1smo<\/mark> \ud83c\udfc6 + <strong>V\u00cdT\u011aZ KATEGORIE<\/strong> <strong>II.<\/strong><\/p>\n\n\n\n<p>Sout\u011b\u017e Choralia &#8211; <mark style=\"background-color:rgba(0, 0, 0, 0)\" class=\"has-inline-color has-luminous-vivid-amber-color\">zlat\u00e9 p\u00e1smo<\/mark> \ud83c\udfc6 + <em>zvl\u00e1\u0161tn\u00ed cena za vynikaj\u00edc\u00ed hlasovou kulturu<\/em> + <em>zvl\u00e1\u0161tn\u00ed cena za dramaturgii sout\u011b\u017en\u00edho vystoupen\u00ed<\/em><\/p>\n\n\n\n<p>Lady Carneval &#8211; koncert k poct\u011b Karla Gotta \ud83c\udfb6<\/p>\n\n\n\n<p class=\"has-medium-font-size\"><strong>V roce 2023<\/strong> <\/p>\n\n\n\n<p>\u00da\u010dinkov\u00e1n\u00ed v \u010cT &#8211; Koncert za obnovu svatov\u00edtsk\u00fdch varhan \ud83c\udfb6<\/p>\n\n\n\n<p>Mezin\u00e1rodn\u00ed sborov\u00fd festival v Bratislav\u011b &#8211; <mark style=\"background-color:rgba(0, 0, 0, 0)\" class=\"has-inline-color has-luminous-vivid-amber-color\">zlat\u00e9 p\u00e1smo<\/mark> \ud83c\udfc6 (95\/100 bod\u016f)<\/p>\n\n\n\n<p>Sout\u011b\u017e p\u011bveck\u00fdch sbor\u016f po\u0159\u00e1dan\u00e9 M\u0160MT \u2013 <strong>v\u00edt\u011bz kategorie<\/strong> velk\u00e9 sbory do 16 let a <mark style=\"background-color:rgba(0, 0, 0, 0)\" class=\"has-inline-color has-luminous-vivid-amber-color\">zlat\u00e9 p\u00e1smo<\/mark> \ud83c\udfc6+ <em>ocen\u011bn\u00ed za hlasovou kulturu<\/em><\/p>\n\n\n\n<p class=\"has-medium-font-size\"><strong>V roce 2022<\/strong> <\/p>\n\n\n\n<p>Sv\u00e1tky p\u00edsn\u00ed Olomouc \u2013 <mark style=\"background-color:rgba(0, 0, 0, 0)\" class=\"has-inline-color has-luminous-vivid-amber-color\">zlat\u00e9 p\u00e1smo <\/mark>a <strong>v\u00edt\u011bz kategorie A2<\/strong> + <mark style=\"background-color:rgba(0, 0, 0, 0)\" class=\"has-inline-color has-luminous-vivid-amber-color\">zlat\u00e9 p\u00e1smo<\/mark> a <strong>v\u00edt\u011bz kategorie E<\/strong> (soudob\u00e1 hudba) + <strong>ABSOLUTN\u00cd V\u00cdT\u011aZ SOUT\u011a\u017dE<\/strong> \ud83c\udfc6<\/p>\n\n\n\n<p class=\"has-medium-font-size\"><strong>V roce 2019<\/strong><\/p>\n\n\n\n<p>Mezin\u00e1rodn\u00ed sout\u011b\u017e p\u011bveck\u00fdch sbor\u016f v Pardubic\u00edch \u2013 <mark style=\"background-color:rgba(0, 0, 0, 0)\" class=\"has-inline-color has-luminous-vivid-amber-color\">zlat\u00e9 p\u00e1smo<\/mark> \ud83c\udfc6<\/p>\n\n\n\n<p>Zisk <mark style=\"background-color:rgba(0, 0, 0, 0)\" class=\"has-inline-color has-luminous-vivid-amber-color\">zlat\u00e9ho p\u00e1sma<\/mark> v kategorii velk\u00e9 sbory + Cena za p\u0159\u00edkladn\u00e9 veden\u00ed d\u011btsk\u00e9ho sboru \u0160\u00e1rce Mistrov\u00e9 a Zisk <mark style=\"background-color:rgba(0, 0, 0, 0)\" class=\"has-inline-color has-luminous-vivid-amber-color\">zlat\u00e9ho p\u00e1sma<\/mark> v kategorii komorn\u00ed sbory do 21 \u010dlen\u016f v krajsk\u00e9m kole sout\u011b\u017ee ZU\u0160 po\u0159\u00e1dan\u00e9 M\u0160MT. \ud83c\udfc6<\/p>\n\n\n\n<p>Celost\u00e1tn\u00ed kolo sout\u011b\u017ee ZU\u0160 v Litomy\u0161li &#8211; <mark style=\"background-color:rgba(0, 0, 0, 0)\" class=\"has-inline-color has-luminous-vivid-amber-color\">zlat\u00e9 p\u00e1smo<\/mark> v kategorii velk\u00e9 sbory + <em>Zvl\u00e1\u0161tn\u00ed cena za proveden\u00ed skladby Koosen (Stokes Tobin)<\/em> a v kategorii komorn\u00ed sbory do 21 \u010dlen\u016f zisk <mark style=\"background-color:rgba(0, 0, 0, 0)\" class=\"has-inline-color has-luminous-vivid-amber-color\">zlat\u00e9ho p\u00e1sma<\/mark> + <em>Zvl\u00e1\u0161tn\u00ed cena poroty za dramaturgii sout\u011b\u017en\u00edho vystoupen\u00ed.<\/em> \ud83c\udfc6<\/p>\n\n\n\n<p class=\"has-medium-font-size\"><strong>V roce 2018<\/strong> &nbsp;<\/p>\n\n\n\n<p>Titul <strong>ABSOLUTN\u00cdHO V\u00cdT\u011aZE<\/strong> v sout\u011b\u017ei d\u011btsk\u00fdch p\u011bveck\u00fdch sbor\u016f PORTA MUSICAE 2018 v Nov\u00e9m Ji\u010d\u00edn\u011b + <em>cena za nejlep\u0161\u00ed proveden\u00ed povinn\u00e9 p\u00edsn\u011b P. Ebena: B\u00edl\u00e9 a r\u016f\u017eov\u00e9 pe\u0159iny<\/em> \ud83c\udfc6<\/p>\n\n\n\n<p>________________________________________________________________________________________________________________<\/p>\n\n\n\n<p class=\"has-text-align-center has-white-color has-text-color has-background has-medium-font-size\" style=\"background-color:#052b41;font-style:normal;font-weight:200\">Star\u0161\u00ed \u00fasp\u011bchy:<\/p>\n\n\n\n<p class=\"has-medium-font-size\"><strong>V roce 2017<\/strong><\/p>\n\n\n\n<p><mark style=\"background-color:rgba(0, 0, 0, 0)\" class=\"has-inline-color has-luminous-vivid-amber-color\">Zlat\u00e9 p\u00e1smo<\/mark> v krajsk\u00e9m kole Celost\u00e1tn\u00ed p\u0159ehl\u00eddky d\u011btsk\u00fdch p\u011bveck\u00fdch sbor\u016f, postup a \u00fasp\u011b\u0161n\u00e9 vystoupen\u00ed na Celost\u00e1tn\u00ed p\u0159ehl\u00eddce d\u011btsk\u00fdch sbor\u016f v Uni\u010dov\u011b + <em>ocen\u011bn\u00ed za proveden\u00ed p\u00edsn\u011b J. Temla: Povode\u0148<\/em> \ud83c\udfc6<\/p>\n\n\n\n<p>Nahr\u00e1v\u00e1n\u00ed CD Krist\u00fdny Barty &#8211; Ema 29 \ud83c\udfb6<\/p>\n\n\n\n<p class=\"has-medium-font-size\"><strong>V roce 2016<\/strong> <\/p>\n\n\n\n<p><mark style=\"background-color:rgba(0, 0, 0, 0)\" class=\"has-inline-color has-luminous-vivid-amber-color\">Zlat\u00e9 p\u00e1smo<\/mark> v Krajsk\u00e9m kole sout\u011b\u017ee z\u00e1kladn\u00edch um\u011bleck\u00fdch \u0161kol po\u0159\u00e1dan\u00e9 M\u0160MT. \ud83c\udfc6<\/p>\n\n\n\n<p class=\"has-medium-font-size\"><strong>V roce 2015<\/strong><\/p>\n\n\n\n<p>Celost\u00e1tn\u00ed p\u0159ehl\u00eddka d\u011btsk\u00fdch p\u011bveck\u00fdch sbor\u016f Zahrada p\u00edsn\u00ed &#8211;\u00a0<mark style=\"background-color:rgba(0, 0, 0, 0)\" class=\"has-inline-color has-luminous-vivid-amber-color\">zlat\u00e9 p\u00e1smo<\/mark>. \ud83c\udfc6<\/p>\n\n\n\n<p>Sout\u011b\u017e d\u011btsk\u00fdch p\u011bveck\u00fdch sbor\u016f Zvone\u010dek \u2013 <mark style=\"background-color:rgba(0, 0, 0, 0)\" class=\"has-inline-color has-luminous-vivid-amber-color\">zlat\u00e9 p\u00e1smo<\/mark>. \ud83c\udfc6<\/p>\n","protected":false},"excerpt":{"rendered":"<p>V roce 2024 Sout\u011b\u017e Porta Musicae &#8211; zlat\u00e9 p\u00e1smo \ud83c\udfc6 + V\u00cdT\u011aZ KATEGORIE II. Sout\u011b\u017e Choralia &#8211; zlat\u00e9 p\u00e1smo \ud83c\udfc6 + zvl\u00e1\u0161tn\u00ed cena za vynikaj\u00edc\u00ed hlasovou kulturu + zvl\u00e1\u0161tn\u00ed cena za dramaturgii sout\u011b\u017en\u00edho vystoupen\u00ed Lady Carneval &#8211; koncert k poct\u011b Karla Gotta \ud83c\udfb6 V roce 2023 \u00da\u010dinkov\u00e1n\u00ed v \u010cT &#8211;&#8230; <a class=\"continue-reading-link\" href=\"https:\/\/sborpalecek.cz\/fr\/nase-uspechy\/\"> Continue reading <span class=\"meta-nav\">&rarr; <\/span><\/a><\/p>\n","protected":false},"author":2,"featured_media":0,"parent":0,"menu_order":0,"comment_status":"closed","ping_status":"closed","template":"","meta":{"ngg_post_thumbnail":0,"footnotes":""},"class_list":["post-56","page","type-page","status-publish","hentry"],"translation":{"provider":"WPGlobus","version":"2.10.10","language":"fr","enabled_languages":["en","es","de","fr","ru"],"languages":{"en":{"title":true,"content":true,"excerpt":false},"es":{"title":false,"content":false,"excerpt":false},"de":{"title":false,"content":false,"excerpt":false},"fr":{"title":false,"content":false,"excerpt":false},"ru":{"title":false,"content":false,"excerpt":false}}},"_links":{"self":[{"href":"https:\/\/sborpalecek.cz\/fr\/wp-json\/wp\/v2\/pages\/56","targetHints":{"allow":["GET"]}}],"collection":[{"href":"https:\/\/sborpalecek.cz\/fr\/wp-json\/wp\/v2\/pages"}],"about":[{"href":"https:\/\/sborpalecek.cz\/fr\/wp-json\/wp\/v2\/types\/page"}],"author":[{"embeddable":true,"href":"https:\/\/sborpalecek.cz\/fr\/wp-json\/wp\/v2\/users\/2"}],"replies":[{"embeddable":true,"href":"https:\/\/sborpalecek.cz\/fr\/wp-json\/wp\/v2\/comments?post=56"}],"version-history":[{"count":33,"href":"https:\/\/sborpalecek.cz\/fr\/wp-json\/wp\/v2\/pages\/56\/revisions"}],"predecessor-version":[{"id":889,"href":"https:\/\/sborpalecek.cz\/fr\/wp-json\/wp\/v2\/pages\/56\/revisions\/889"}],"wp:attachment":[{"href":"https:\/\/sborpalecek.cz\/fr\/wp-json\/wp\/v2\/media?parent=56"}],"curies":[{"name":"wp","href":"https:\/\/api.w.org\/{rel}","templated":true}]}}