{"id":41,"date":"2019-08-10T07:02:55","date_gmt":"2019-08-10T07:02:55","guid":{"rendered":"http:\/\/sborpalecek.cz\/?page_id=41"},"modified":"2023-12-05T20:54:55","modified_gmt":"2023-12-05T20:54:55","slug":"kontakt","status":"publish","type":"page","link":"https:\/\/sborpalecek.cz\/ru\/kontakt\/","title":{"rendered":"Kontakt"},"content":{"rendered":"<p><\/p>\r\n<table class=\"wp-block-table\" style=\"font-size: 1rem;\">\r\n<tbody>\r\n<tr>\r\n<td><strong>Z\u00e1kladn\u00ed um\u011bleck\u00e1 \u0161kola, Praha 9<\/strong>\r\n<p>Ratibo\u0159ick\u00e1 1899\/30, Praha 9 \u2013 Horn\u00ed Po\u010dernice, 193 00<\/p>\r\n<\/td>\r\n<\/tr>\r\n<\/tbody>\r\n<\/table>\r\n<p><\/p>\r\n<p><\/p>\r\n<p>Sbormistryn\u011b <strong>\u0160\u00e1rka Mistrov\u00e1<\/strong>, e-mail: <a href=\"mailto:l.sarka@seznam.cz\" target=\"_blank\" rel=\"noopener noreferrer\">l.sarka@seznam.cz<\/a><\/p>\r\n<p><strong>Facebook:<\/strong>\u00a0<a href=\"https:\/\/www.facebook.com\/profile.php?id=100062983672982\">https:\/\/www.facebook.com\/profile.php?id=100062983672982<\/a><\/p>\r\n<p><strong>Instagram:<\/strong>\u00a0<a href=\"https:\/\/www.instagram.com\/dps_palecek\/\">https:\/\/www.instagram.com\/dps_palecek\/<\/a><\/p>\r\n<p><strong>Youtube: <\/strong><a href=\"https:\/\/www.youtube.com\/@dpspalecek\/featured\">https:\/\/www.youtube.com\/@dpspalecek\/featured<\/a> nebo pan\u00ed sbormistryn\u011b:\u00a0<a href=\"http:\/\/www.youtube.com\/@sarka587\">http:\/\/www.youtube.com\/@sarka587<\/a><\/p>\r\n<p><\/p>\r\n<p><\/p>\r\n<p>&nbsp;<\/p>\r\n<p><\/p>","protected":false},"excerpt":{"rendered":"<p>Z\u00e1kladn\u00ed um\u011bleck\u00e1 \u0161kola, Praha 9 Ratibo\u0159ick\u00e1 1899\/30, Praha 9 \u2013 Horn\u00ed Po\u010dernice, 193 00 Sbormistryn\u011b \u0160\u00e1rka Mistrov\u00e1, e-mail: l.sarka@seznam.cz Facebook:\u00a0https:\/\/www.facebook.com\/profile.php?id=100062983672982 Instagram:\u00a0https:\/\/www.instagram.com\/dps_palecek\/ Youtube: https:\/\/www.youtube.com\/@dpspalecek\/featured nebo pan\u00ed sbormistryn\u011b:\u00a0http:\/\/www.youtube.com\/@sarka587 &nbsp;<\/p>\n","protected":false},"author":2,"featured_media":0,"parent":0,"menu_order":0,"comment_status":"closed","ping_status":"closed","template":"","meta":{"ngg_post_thumbnail":0,"footnotes":""},"class_list":["post-41","page","type-page","status-publish","hentry"],"translation":{"provider":"WPGlobus","version":"2.10.10","language":"ru","enabled_languages":["en","es","de","fr","ru"],"languages":{"en":{"title":true,"content":true,"excerpt":false},"es":{"title":false,"content":false,"excerpt":false},"de":{"title":false,"content":false,"excerpt":false},"fr":{"title":false,"content":false,"excerpt":false},"ru":{"title":false,"content":false,"excerpt":false}}},"_links":{"self":[{"href":"https:\/\/sborpalecek.cz\/ru\/wp-json\/wp\/v2\/pages\/41","targetHints":{"allow":["GET"]}}],"collection":[{"href":"https:\/\/sborpalecek.cz\/ru\/wp-json\/wp\/v2\/pages"}],"about":[{"href":"https:\/\/sborpalecek.cz\/ru\/wp-json\/wp\/v2\/types\/page"}],"author":[{"embeddable":true,"href":"https:\/\/sborpalecek.cz\/ru\/wp-json\/wp\/v2\/users\/2"}],"replies":[{"embeddable":true,"href":"https:\/\/sborpalecek.cz\/ru\/wp-json\/wp\/v2\/comments?post=41"}],"version-history":[{"count":19,"href":"https:\/\/sborpalecek.cz\/ru\/wp-json\/wp\/v2\/pages\/41\/revisions"}],"predecessor-version":[{"id":804,"href":"https:\/\/sborpalecek.cz\/ru\/wp-json\/wp\/v2\/pages\/41\/revisions\/804"}],"wp:attachment":[{"href":"https:\/\/sborpalecek.cz\/ru\/wp-json\/wp\/v2\/media?parent=41"}],"curies":[{"name":"wp","href":"https:\/\/api.w.org\/{rel}","templated":true}]}}