{"id":54,"date":"2019-08-10T07:02:43","date_gmt":"2019-08-10T07:02:43","guid":{"rendered":"http:\/\/sborpalecek.cz\/?page_id=54"},"modified":"2023-12-05T18:20:55","modified_gmt":"2023-12-05T18:20:55","slug":"malicek","status":"publish","type":"page","link":"https:\/\/sborpalecek.cz\/ru\/malicek\/","title":{"rendered":"Mal\u00ed\u010dek"},"content":{"rendered":"\n<figure class=\"wp-block-image size-full\"><a href=\"http:\/\/sborpalecek.cz\/wp-content\/uploads\/2019\/08\/Mal\u00ed\u010dek.jpg\"><img loading=\"lazy\" decoding=\"async\" width=\"960\" height=\"720\" src=\"http:\/\/sborpalecek.cz\/wp-content\/uploads\/2019\/08\/Mal\u00ed\u010dek.jpg\" alt=\"\" class=\"wp-image-36\" srcset=\"https:\/\/sborpalecek.cz\/wp-content\/uploads\/2019\/08\/Mal\u00ed\u010dek.jpg 960w, https:\/\/sborpalecek.cz\/wp-content\/uploads\/2019\/08\/Mal\u00ed\u010dek-300x225.jpg 300w, https:\/\/sborpalecek.cz\/wp-content\/uploads\/2019\/08\/Mal\u00ed\u010dek-768x576.jpg 768w\" sizes=\"auto, (max-width: 960px) 100vw, 960px\" \/><\/a><\/figure>\n\n\n\n<p><strong>Mal\u00ed\u010dek<\/strong> je p\u0159\u00edpravn\u00fdm odd\u011blen\u00edm sboru Pale\u010dek.\u00a0<br>Sbor nav\u0161t\u011bvuj\u00ed d\u011bti ve v\u011bku od 5 do 10 let. V\u00fduka prob\u00edh\u00e1 jednou t\u00fddn\u011b. D\u011bti se zde\u00a0u\u010d\u00ed z\u00e1klad\u016fm sborov\u00e9ho zp\u011bvu. D\u016fraz je kladen p\u0159edev\u0161\u00edm na spr\u00e1vn\u00fd postoj, d\u00fdch\u00e1n\u00ed, v\u00fdslovnost, rozsah hlasu a \u010distotu zp\u011bvu jednohlas\u00fdch p\u00edsn\u00ed s doprovodem klav\u00edru. \u010casto se d\u011bt\u00ed zapojuj\u00ed i hrou na jednodu\u0161\u0161\u00ed hudebn\u00ed n\u00e1stroje. Zp\u011bv\u00e1\u010dci z\u00edsk\u00e1vaj\u00ed intona\u010dn\u00ed a rytmick\u00e9 dovednosti, tr\u00e9nuj\u00ed hudebn\u00ed pam\u011b\u0165. Po \u00fasp\u011b\u0161n\u00e9m\u00a0absolvov\u00e1n\u00ed Mal\u00ed\u010dku jsou podle sv\u00fdch schopnost\u00ed za\u0159azov\u00e1ni do koncertn\u00edho sboru Pale\u010dek.\u00a0<br>Reperto\u00e1r sboru tvo\u0159\u00ed jednohlas\u00e9 p\u00edsn\u011b pro d\u011bti od \u010desk\u00fdch skladatel\u016f a p\u00edsn\u011b lidov\u00e9. D\u011bti z Mal\u00ed\u010dku z\u00edsk\u00e1vaj\u00ed t\u00e9\u017e d\u016fle\u017eit\u00e9 praktick\u00e9 zku\u0161enosti a pot\u0159ebn\u00e9 sebev\u011bdom\u00ed p\u0159i ve\u0159ejn\u00fdch vystoupen\u00edch v Divadle Horn\u00ed Po\u010dernice a v Emauzsk\u00e9m kl\u00e1\u0161te\u0159e. Sbor se z\u00fa\u010dast\u0148uje r\u016fzn\u00fdch sborov\u00fdch festival\u016f a sout\u011b\u017e\u00ed.<br>Od z\u00e1\u0159\u00ed 2012 vede sbor <strong>Mgr. \u0160\u00e1rka Mistrov\u00e1.<\/strong><\/p>\n","protected":false},"excerpt":{"rendered":"<p>Mal\u00ed\u010dek je p\u0159\u00edpravn\u00fdm odd\u011blen\u00edm sboru Pale\u010dek.\u00a0Sbor nav\u0161t\u011bvuj\u00ed d\u011bti ve v\u011bku od 5 do 10 let. V\u00fduka prob\u00edh\u00e1 jednou t\u00fddn\u011b. D\u011bti se zde\u00a0u\u010d\u00ed z\u00e1klad\u016fm sborov\u00e9ho zp\u011bvu. D\u016fraz je kladen p\u0159edev\u0161\u00edm na spr\u00e1vn\u00fd postoj, d\u00fdch\u00e1n\u00ed, v\u00fdslovnost, rozsah hlasu a \u010distotu zp\u011bvu jednohlas\u00fdch p\u00edsn\u00ed s doprovodem klav\u00edru. \u010casto se d\u011bt\u00ed zapojuj\u00ed i hrou&#8230; <a class=\"continue-reading-link\" href=\"https:\/\/sborpalecek.cz\/ru\/malicek\/\"> Continue reading <span class=\"meta-nav\">&rarr; <\/span><\/a><\/p>\n","protected":false},"author":2,"featured_media":0,"parent":0,"menu_order":0,"comment_status":"closed","ping_status":"closed","template":"","meta":{"ngg_post_thumbnail":0,"footnotes":""},"class_list":["post-54","page","type-page","status-publish","hentry"],"translation":{"provider":"WPGlobus","version":"2.10.10","language":"ru","enabled_languages":["en","es","de","fr","ru"],"languages":{"en":{"title":true,"content":true,"excerpt":false},"es":{"title":false,"content":false,"excerpt":false},"de":{"title":false,"content":false,"excerpt":false},"fr":{"title":false,"content":false,"excerpt":false},"ru":{"title":false,"content":false,"excerpt":false}}},"_links":{"self":[{"href":"https:\/\/sborpalecek.cz\/ru\/wp-json\/wp\/v2\/pages\/54","targetHints":{"allow":["GET"]}}],"collection":[{"href":"https:\/\/sborpalecek.cz\/ru\/wp-json\/wp\/v2\/pages"}],"about":[{"href":"https:\/\/sborpalecek.cz\/ru\/wp-json\/wp\/v2\/types\/page"}],"author":[{"embeddable":true,"href":"https:\/\/sborpalecek.cz\/ru\/wp-json\/wp\/v2\/users\/2"}],"replies":[{"embeddable":true,"href":"https:\/\/sborpalecek.cz\/ru\/wp-json\/wp\/v2\/comments?post=54"}],"version-history":[{"count":7,"href":"https:\/\/sborpalecek.cz\/ru\/wp-json\/wp\/v2\/pages\/54\/revisions"}],"predecessor-version":[{"id":335,"href":"https:\/\/sborpalecek.cz\/ru\/wp-json\/wp\/v2\/pages\/54\/revisions\/335"}],"wp:attachment":[{"href":"https:\/\/sborpalecek.cz\/ru\/wp-json\/wp\/v2\/media?parent=54"}],"curies":[{"name":"wp","href":"https:\/\/api.w.org\/{rel}","templated":true}]}}